{"id":10,"date":"2023-04-06T19:21:35","date_gmt":"2023-04-06T17:21:35","guid":{"rendered":"https:\/\/autohaus-haeseli.at\/?page_id=10"},"modified":"2026-03-20T18:26:09","modified_gmt":"2026-03-20T16:26:09","slug":"ueber-uns","status":"publish","type":"page","link":"https:\/\/autohaus-haeseli.at\/?page_id=10","title":{"rendered":"\u00dcber uns"},"content":{"rendered":"\n<figure class=\"wp-block-table\"><table><tbody><tr><td><strong>Das Autohaus H\u00e4seli besteht seit 1997 in Rankweil.<\/strong><br><br>2003 erfolgte der Umzug an den heutigen Standort an der Bundesstra\u00dfe B190.<br>Als autorisierter Honda-Servicepartner stehen wir f\u00fcr fachgerechte Wartung und Reparatur.<br><br>Seit 2006 wird das Unternehmen als GmbH gef\u00fchrt.<br>Ein kleines, eingespieltes Team sorgt f\u00fcr zuverl\u00e4ssige Arbeit und direkte Betreuung.<\/td><\/tr><\/tbody><\/table><\/figure>\n","protected":false},"excerpt":{"rendered":"<p>Das Autohaus H\u00e4seli besteht seit 1997 in Rankweil. 2003 erfolgte der Umzug an den heutigen Standort an der Bundesstra\u00dfe B190.Als autorisierter Honda-Servicepartner stehen wir f\u00fcr fachgerechte Wartung und Reparatur. Seit 2006 wird das Unternehmen als GmbH gef\u00fchrt.Ein kleines, eingespieltes Team sorgt f\u00fcr zuverl\u00e4ssige Arbeit und direkte Betreuung.<\/p>\n","protected":false},"author":1,"featured_media":39,"parent":0,"menu_order":0,"comment_status":"closed","ping_status":"closed","template":"","meta":{"footnotes":""},"class_list":["post-10","page","type-page","status-publish","has-post-thumbnail","hentry"],"yoast_head":"<!-- This site is optimized with the Yoast SEO plugin v27.5 - https:\/\/yoast.com\/product\/yoast-seo-wordpress\/ -->\n<title>\u00dcber uns - Autohaus H\u00e4seli GmbH<\/title>\n<meta name=\"robots\" content=\"index, follow, max-snippet:-1, max-image-preview:large, max-video-preview:-1\" \/>\n<link rel=\"canonical\" href=\"https:\/\/autohaus-haeseli.at\/?page_id=10\" \/>\n<meta property=\"og:locale\" content=\"de_DE\" \/>\n<meta property=\"og:type\" content=\"article\" \/>\n<meta property=\"og:title\" content=\"\u00dcber uns - Autohaus H\u00e4seli GmbH\" \/>\n<meta property=\"og:description\" content=\"Das Autohaus H\u00e4seli besteht seit 1997 in Rankweil. 2003 erfolgte der Umzug an den heutigen Standort an der Bundesstra\u00dfe B190.Als autorisierter Honda-Servicepartner stehen wir f\u00fcr fachgerechte Wartung und Reparatur. Seit 2006 wird das Unternehmen als GmbH gef\u00fchrt.Ein kleines, eingespieltes Team sorgt f\u00fcr zuverl\u00e4ssige Arbeit und direkte Betreuung.\" \/>\n<meta property=\"og:url\" content=\"https:\/\/autohaus-haeseli.at\/?page_id=10\" \/>\n<meta property=\"og:site_name\" content=\"Autohaus H\u00e4seli GmbH\" \/>\n<meta property=\"article:modified_time\" content=\"2026-03-20T16:26:09+00:00\" \/>\n<meta property=\"og:image\" content=\"https:\/\/autohaus-haeseli.at\/wp-content\/uploads\/2023\/04\/DSC_0114-scaled.jpg\" \/>\n\t<meta property=\"og:image:width\" content=\"2560\" \/>\n\t<meta property=\"og:image:height\" content=\"1702\" \/>\n\t<meta property=\"og:image:type\" content=\"image\/jpeg\" \/>\n<meta name=\"twitter:card\" content=\"summary_large_image\" \/>\n<meta name=\"twitter:label1\" content=\"Gesch\u00e4tzte Lesezeit\" \/>\n\t<meta name=\"twitter:data1\" content=\"1\u00a0Minute\" \/>\n<script type=\"application\/ld+json\" class=\"yoast-schema-graph\">{\"@context\":\"https:\\\/\\\/schema.org\",\"@graph\":[{\"@type\":\"WebPage\",\"@id\":\"https:\\\/\\\/autohaus-haeseli.at\\\/?page_id=10\",\"url\":\"https:\\\/\\\/autohaus-haeseli.at\\\/?page_id=10\",\"name\":\"\u00dcber uns - Autohaus H\u00e4seli GmbH\",\"isPartOf\":{\"@id\":\"https:\\\/\\\/autohaus-haeseli.at\\\/#website\"},\"primaryImageOfPage\":{\"@id\":\"https:\\\/\\\/autohaus-haeseli.at\\\/?page_id=10#primaryimage\"},\"image\":{\"@id\":\"https:\\\/\\\/autohaus-haeseli.at\\\/?page_id=10#primaryimage\"},\"thumbnailUrl\":\"https:\\\/\\\/autohaus-haeseli.at\\\/wp-content\\\/uploads\\\/2023\\\/04\\\/DSC_0114-scaled.jpg\",\"datePublished\":\"2023-04-06T17:21:35+00:00\",\"dateModified\":\"2026-03-20T16:26:09+00:00\",\"breadcrumb\":{\"@id\":\"https:\\\/\\\/autohaus-haeseli.at\\\/?page_id=10#breadcrumb\"},\"inLanguage\":\"de\",\"potentialAction\":[{\"@type\":\"ReadAction\",\"target\":[\"https:\\\/\\\/autohaus-haeseli.at\\\/?page_id=10\"]}]},{\"@type\":\"ImageObject\",\"inLanguage\":\"de\",\"@id\":\"https:\\\/\\\/autohaus-haeseli.at\\\/?page_id=10#primaryimage\",\"url\":\"https:\\\/\\\/autohaus-haeseli.at\\\/wp-content\\\/uploads\\\/2023\\\/04\\\/DSC_0114-scaled.jpg\",\"contentUrl\":\"https:\\\/\\\/autohaus-haeseli.at\\\/wp-content\\\/uploads\\\/2023\\\/04\\\/DSC_0114-scaled.jpg\",\"width\":2560,\"height\":1702},{\"@type\":\"BreadcrumbList\",\"@id\":\"https:\\\/\\\/autohaus-haeseli.at\\\/?page_id=10#breadcrumb\",\"itemListElement\":[{\"@type\":\"ListItem\",\"position\":1,\"name\":\"Startseite\",\"item\":\"https:\\\/\\\/autohaus-haeseli.at\\\/\"},{\"@type\":\"ListItem\",\"position\":2,\"name\":\"\u00dcber uns\"}]},{\"@type\":\"WebSite\",\"@id\":\"https:\\\/\\\/autohaus-haeseli.at\\\/#website\",\"url\":\"https:\\\/\\\/autohaus-haeseli.at\\\/\",\"name\":\"Autohaus H\u00e4seli GmbH\",\"description\":\"\",\"potentialAction\":[{\"@type\":\"SearchAction\",\"target\":{\"@type\":\"EntryPoint\",\"urlTemplate\":\"https:\\\/\\\/autohaus-haeseli.at\\\/?s={search_term_string}\"},\"query-input\":{\"@type\":\"PropertyValueSpecification\",\"valueRequired\":true,\"valueName\":\"search_term_string\"}}],\"inLanguage\":\"de\"}]}<\/script>\n<!-- \/ Yoast SEO plugin. -->","yoast_head_json":{"title":"\u00dcber uns - Autohaus H\u00e4seli GmbH","robots":{"index":"index","follow":"follow","max-snippet":"max-snippet:-1","max-image-preview":"max-image-preview:large","max-video-preview":"max-video-preview:-1"},"canonical":"https:\/\/autohaus-haeseli.at\/?page_id=10","og_locale":"de_DE","og_type":"article","og_title":"\u00dcber uns - Autohaus H\u00e4seli GmbH","og_description":"Das Autohaus H\u00e4seli besteht seit 1997 in Rankweil. 2003 erfolgte der Umzug an den heutigen Standort an der Bundesstra\u00dfe B190.Als autorisierter Honda-Servicepartner stehen wir f\u00fcr fachgerechte Wartung und Reparatur. Seit 2006 wird das Unternehmen als GmbH gef\u00fchrt.Ein kleines, eingespieltes Team sorgt f\u00fcr zuverl\u00e4ssige Arbeit und direkte Betreuung.","og_url":"https:\/\/autohaus-haeseli.at\/?page_id=10","og_site_name":"Autohaus H\u00e4seli GmbH","article_modified_time":"2026-03-20T16:26:09+00:00","og_image":[{"width":2560,"height":1702,"url":"https:\/\/autohaus-haeseli.at\/wp-content\/uploads\/2023\/04\/DSC_0114-scaled.jpg","type":"image\/jpeg"}],"twitter_card":"summary_large_image","twitter_misc":{"Gesch\u00e4tzte Lesezeit":"1\u00a0Minute"},"schema":{"@context":"https:\/\/schema.org","@graph":[{"@type":"WebPage","@id":"https:\/\/autohaus-haeseli.at\/?page_id=10","url":"https:\/\/autohaus-haeseli.at\/?page_id=10","name":"\u00dcber uns - Autohaus H\u00e4seli GmbH","isPartOf":{"@id":"https:\/\/autohaus-haeseli.at\/#website"},"primaryImageOfPage":{"@id":"https:\/\/autohaus-haeseli.at\/?page_id=10#primaryimage"},"image":{"@id":"https:\/\/autohaus-haeseli.at\/?page_id=10#primaryimage"},"thumbnailUrl":"https:\/\/autohaus-haeseli.at\/wp-content\/uploads\/2023\/04\/DSC_0114-scaled.jpg","datePublished":"2023-04-06T17:21:35+00:00","dateModified":"2026-03-20T16:26:09+00:00","breadcrumb":{"@id":"https:\/\/autohaus-haeseli.at\/?page_id=10#breadcrumb"},"inLanguage":"de","potentialAction":[{"@type":"ReadAction","target":["https:\/\/autohaus-haeseli.at\/?page_id=10"]}]},{"@type":"ImageObject","inLanguage":"de","@id":"https:\/\/autohaus-haeseli.at\/?page_id=10#primaryimage","url":"https:\/\/autohaus-haeseli.at\/wp-content\/uploads\/2023\/04\/DSC_0114-scaled.jpg","contentUrl":"https:\/\/autohaus-haeseli.at\/wp-content\/uploads\/2023\/04\/DSC_0114-scaled.jpg","width":2560,"height":1702},{"@type":"BreadcrumbList","@id":"https:\/\/autohaus-haeseli.at\/?page_id=10#breadcrumb","itemListElement":[{"@type":"ListItem","position":1,"name":"Startseite","item":"https:\/\/autohaus-haeseli.at\/"},{"@type":"ListItem","position":2,"name":"\u00dcber uns"}]},{"@type":"WebSite","@id":"https:\/\/autohaus-haeseli.at\/#website","url":"https:\/\/autohaus-haeseli.at\/","name":"Autohaus H\u00e4seli GmbH","description":"","potentialAction":[{"@type":"SearchAction","target":{"@type":"EntryPoint","urlTemplate":"https:\/\/autohaus-haeseli.at\/?s={search_term_string}"},"query-input":{"@type":"PropertyValueSpecification","valueRequired":true,"valueName":"search_term_string"}}],"inLanguage":"de"}]}},"_links":{"self":[{"href":"https:\/\/autohaus-haeseli.at\/index.php?rest_route=\/wp\/v2\/pages\/10","targetHints":{"allow":["GET"]}}],"collection":[{"href":"https:\/\/autohaus-haeseli.at\/index.php?rest_route=\/wp\/v2\/pages"}],"about":[{"href":"https:\/\/autohaus-haeseli.at\/index.php?rest_route=\/wp\/v2\/types\/page"}],"author":[{"embeddable":true,"href":"https:\/\/autohaus-haeseli.at\/index.php?rest_route=\/wp\/v2\/users\/1"}],"replies":[{"embeddable":true,"href":"https:\/\/autohaus-haeseli.at\/index.php?rest_route=%2Fwp%2Fv2%2Fcomments&post=10"}],"version-history":[{"count":3,"href":"https:\/\/autohaus-haeseli.at\/index.php?rest_route=\/wp\/v2\/pages\/10\/revisions"}],"predecessor-version":[{"id":58,"href":"https:\/\/autohaus-haeseli.at\/index.php?rest_route=\/wp\/v2\/pages\/10\/revisions\/58"}],"wp:featuredmedia":[{"embeddable":true,"href":"https:\/\/autohaus-haeseli.at\/index.php?rest_route=\/wp\/v2\/media\/39"}],"wp:attachment":[{"href":"https:\/\/autohaus-haeseli.at\/index.php?rest_route=%2Fwp%2Fv2%2Fmedia&parent=10"}],"curies":[{"name":"wp","href":"https:\/\/api.w.org\/{rel}","templated":true}]}}