{"id":3,"date":"2023-04-06T13:35:55","date_gmt":"2023-04-06T13:35:55","guid":{"rendered":"https:\/\/autohaus-haeseli.at\/?page_id=3"},"modified":"2026-03-20T18:44:04","modified_gmt":"2026-03-20T16:44:04","slug":"privacy-policy","status":"publish","type":"page","link":"https:\/\/autohaus-haeseli.at\/?page_id=3","title":{"rendered":"Datenschutzerkl\u00e4rung"},"content":{"rendered":"\n<p>Der Schutz Ihrer pers\u00f6nlichen Daten ist uns ein besonderes Anliegen. Wir verarbeiten Ihre Daten ausschlie\u00dflich auf Grundlage der gesetzlichen Bestimmungen (DSGVO, TKG 2003).<\/p>\n\n\n\n<h2 class=\"wp-block-heading\">Kontakt mit uns<\/h2>\n\n\n\n<p>Wenn Sie per Formular auf der Website oder per E-Mail Kontakt mit uns aufnehmen, werden Ihre angegebenen Daten zur Bearbeitung der Anfrage und f\u00fcr den Fall von Anschlussfragen bei uns gespeichert.<br><br>Diese Daten geben wir nicht ohne Ihre Einwilligung weiter.<\/p>\n\n\n\n<h2 class=\"wp-block-heading\">Server-Logfiles<\/h2>\n\n\n\n<p>Der Hosting-Provider erhebt und speichert automatisch Informationen in sogenannten Server-Logfiles, die Ihr Browser automatisch \u00fcbermittelt.<br>Dies sind insbesondere:<\/p>\n\n\n\n<ul class=\"wp-block-list\">\n<li>IP-Adresse<\/li>\n\n\n\n<li>Datum und Uhrzeit der Anfrage<\/li>\n\n\n\n<li>Browsertyp und -version<\/li>\n\n\n\n<li>Betriebssystem<\/li>\n<\/ul>\n\n\n\n<p>Diese Daten sind nicht bestimmten Personen zuordenbar und werden nicht mit anderen Datenquellen zusammengef\u00fchrt.<\/p>\n\n\n\n<h2 class=\"wp-block-heading\">Cookies<\/h2>\n\n\n\n<p>Unsere Website verwendet Cookies. Dabei handelt es sich um kleine Textdateien, die auf Ihrem Endger\u00e4t gespeichert werden.<br>Sie richten keinen Schaden an.<br><br>Wenn keine Tracking- oder Marketing-Tools verwendet werden, reicht dieser Abschnitt ohne Banner.<\/p>\n\n\n\n<h2 class=\"wp-block-heading\">Ihre Rechte<\/h2>\n\n\n\n<p>Ihnen stehen grunds\u00e4tzlich die Rechte auf Auskunft, Berichtigung, L\u00f6schung, Einschr\u00e4nkung, Daten\u00fcbertragbarkeit, Widerruf und Widerspruch zu.<br><br>Wenn Sie glauben, dass die Verarbeitung Ihrer Daten gegen das Datenschutzrecht verst\u00f6\u00dft, k\u00f6nnen Sie sich bei der Aufsichtsbeh\u00f6rde beschweren.<\/p>\n\n\n\n<h2 class=\"wp-block-heading\">Kontakt Datenschutz<\/h2>\n\n\n\n<p>Autohaus H\u00e4seli GmbH<br>Am Damm 2<br>6830 Rankweil<br>E-Mail: office@autohaus-haeseli.at<\/p>\n","protected":false},"excerpt":{"rendered":"<p>Der Schutz Ihrer pers\u00f6nlichen Daten ist uns ein besonderes Anliegen. Wir verarbeiten Ihre Daten ausschlie\u00dflich auf Grundlage der gesetzlichen Bestimmungen (DSGVO, TKG 2003). Kontakt mit uns Wenn Sie per Formular auf der Website oder per E-Mail Kontakt mit uns aufnehmen, werden Ihre angegebenen Daten zur Bearbeitung der Anfrage und f\u00fcr den Fall von Anschlussfragen bei &hellip; <\/p>\n<p class=\"link-more\"><a href=\"https:\/\/autohaus-haeseli.at\/?page_id=3\" class=\"more-link\"><span class=\"screen-reader-text\">\u201eDatenschutzerkl\u00e4rung\u201c <\/span>weiterlesen<\/a><\/p>\n","protected":false},"author":1,"featured_media":0,"parent":0,"menu_order":0,"comment_status":"closed","ping_status":"closed","template":"","meta":{"footnotes":""},"class_list":["post-3","page","type-page","status-publish","hentry"],"yoast_head":"<!-- This site is optimized with the Yoast SEO plugin v27.5 - https:\/\/yoast.com\/product\/yoast-seo-wordpress\/ -->\n<title>Datenschutzerkl\u00e4rung - Autohaus H\u00e4seli GmbH<\/title>\n<meta name=\"robots\" content=\"index, follow, max-snippet:-1, max-image-preview:large, max-video-preview:-1\" \/>\n<link rel=\"canonical\" href=\"https:\/\/autohaus-haeseli.at\/?page_id=3\" \/>\n<meta property=\"og:locale\" content=\"de_DE\" \/>\n<meta property=\"og:type\" content=\"article\" \/>\n<meta property=\"og:title\" content=\"Datenschutzerkl\u00e4rung - Autohaus H\u00e4seli GmbH\" \/>\n<meta property=\"og:description\" content=\"Der Schutz Ihrer pers\u00f6nlichen Daten ist uns ein besonderes Anliegen. Wir verarbeiten Ihre Daten ausschlie\u00dflich auf Grundlage der gesetzlichen Bestimmungen (DSGVO, TKG 2003). Kontakt mit uns Wenn Sie per Formular auf der Website oder per E-Mail Kontakt mit uns aufnehmen, werden Ihre angegebenen Daten zur Bearbeitung der Anfrage und f\u00fcr den Fall von Anschlussfragen bei &hellip; \u201eDatenschutzerkl\u00e4rung\u201c weiterlesen\" \/>\n<meta property=\"og:url\" content=\"https:\/\/autohaus-haeseli.at\/?page_id=3\" \/>\n<meta property=\"og:site_name\" content=\"Autohaus H\u00e4seli GmbH\" \/>\n<meta property=\"article:modified_time\" content=\"2026-03-20T16:44:04+00:00\" \/>\n<meta name=\"twitter:card\" content=\"summary_large_image\" \/>\n<meta name=\"twitter:label1\" content=\"Gesch\u00e4tzte Lesezeit\" \/>\n\t<meta name=\"twitter:data1\" content=\"2\u00a0Minuten\" \/>\n<script type=\"application\/ld+json\" class=\"yoast-schema-graph\">{\"@context\":\"https:\\\/\\\/schema.org\",\"@graph\":[{\"@type\":\"WebPage\",\"@id\":\"https:\\\/\\\/autohaus-haeseli.at\\\/?page_id=3\",\"url\":\"https:\\\/\\\/autohaus-haeseli.at\\\/?page_id=3\",\"name\":\"Datenschutzerkl\u00e4rung - Autohaus H\u00e4seli GmbH\",\"isPartOf\":{\"@id\":\"https:\\\/\\\/autohaus-haeseli.at\\\/#website\"},\"datePublished\":\"2023-04-06T13:35:55+00:00\",\"dateModified\":\"2026-03-20T16:44:04+00:00\",\"breadcrumb\":{\"@id\":\"https:\\\/\\\/autohaus-haeseli.at\\\/?page_id=3#breadcrumb\"},\"inLanguage\":\"de\",\"potentialAction\":[{\"@type\":\"ReadAction\",\"target\":[\"https:\\\/\\\/autohaus-haeseli.at\\\/?page_id=3\"]}]},{\"@type\":\"BreadcrumbList\",\"@id\":\"https:\\\/\\\/autohaus-haeseli.at\\\/?page_id=3#breadcrumb\",\"itemListElement\":[{\"@type\":\"ListItem\",\"position\":1,\"name\":\"Startseite\",\"item\":\"https:\\\/\\\/autohaus-haeseli.at\\\/\"},{\"@type\":\"ListItem\",\"position\":2,\"name\":\"Datenschutzerkl\u00e4rung\"}]},{\"@type\":\"WebSite\",\"@id\":\"https:\\\/\\\/autohaus-haeseli.at\\\/#website\",\"url\":\"https:\\\/\\\/autohaus-haeseli.at\\\/\",\"name\":\"Autohaus H\u00e4seli GmbH\",\"description\":\"\",\"potentialAction\":[{\"@type\":\"SearchAction\",\"target\":{\"@type\":\"EntryPoint\",\"urlTemplate\":\"https:\\\/\\\/autohaus-haeseli.at\\\/?s={search_term_string}\"},\"query-input\":{\"@type\":\"PropertyValueSpecification\",\"valueRequired\":true,\"valueName\":\"search_term_string\"}}],\"inLanguage\":\"de\"}]}<\/script>\n<!-- \/ Yoast SEO plugin. -->","yoast_head_json":{"title":"Datenschutzerkl\u00e4rung - Autohaus H\u00e4seli GmbH","robots":{"index":"index","follow":"follow","max-snippet":"max-snippet:-1","max-image-preview":"max-image-preview:large","max-video-preview":"max-video-preview:-1"},"canonical":"https:\/\/autohaus-haeseli.at\/?page_id=3","og_locale":"de_DE","og_type":"article","og_title":"Datenschutzerkl\u00e4rung - Autohaus H\u00e4seli GmbH","og_description":"Der Schutz Ihrer pers\u00f6nlichen Daten ist uns ein besonderes Anliegen. Wir verarbeiten Ihre Daten ausschlie\u00dflich auf Grundlage der gesetzlichen Bestimmungen (DSGVO, TKG 2003). Kontakt mit uns Wenn Sie per Formular auf der Website oder per E-Mail Kontakt mit uns aufnehmen, werden Ihre angegebenen Daten zur Bearbeitung der Anfrage und f\u00fcr den Fall von Anschlussfragen bei &hellip; \u201eDatenschutzerkl\u00e4rung\u201c weiterlesen","og_url":"https:\/\/autohaus-haeseli.at\/?page_id=3","og_site_name":"Autohaus H\u00e4seli GmbH","article_modified_time":"2026-03-20T16:44:04+00:00","twitter_card":"summary_large_image","twitter_misc":{"Gesch\u00e4tzte Lesezeit":"2\u00a0Minuten"},"schema":{"@context":"https:\/\/schema.org","@graph":[{"@type":"WebPage","@id":"https:\/\/autohaus-haeseli.at\/?page_id=3","url":"https:\/\/autohaus-haeseli.at\/?page_id=3","name":"Datenschutzerkl\u00e4rung - Autohaus H\u00e4seli GmbH","isPartOf":{"@id":"https:\/\/autohaus-haeseli.at\/#website"},"datePublished":"2023-04-06T13:35:55+00:00","dateModified":"2026-03-20T16:44:04+00:00","breadcrumb":{"@id":"https:\/\/autohaus-haeseli.at\/?page_id=3#breadcrumb"},"inLanguage":"de","potentialAction":[{"@type":"ReadAction","target":["https:\/\/autohaus-haeseli.at\/?page_id=3"]}]},{"@type":"BreadcrumbList","@id":"https:\/\/autohaus-haeseli.at\/?page_id=3#breadcrumb","itemListElement":[{"@type":"ListItem","position":1,"name":"Startseite","item":"https:\/\/autohaus-haeseli.at\/"},{"@type":"ListItem","position":2,"name":"Datenschutzerkl\u00e4rung"}]},{"@type":"WebSite","@id":"https:\/\/autohaus-haeseli.at\/#website","url":"https:\/\/autohaus-haeseli.at\/","name":"Autohaus H\u00e4seli GmbH","description":"","potentialAction":[{"@type":"SearchAction","target":{"@type":"EntryPoint","urlTemplate":"https:\/\/autohaus-haeseli.at\/?s={search_term_string}"},"query-input":{"@type":"PropertyValueSpecification","valueRequired":true,"valueName":"search_term_string"}}],"inLanguage":"de"}]}},"_links":{"self":[{"href":"https:\/\/autohaus-haeseli.at\/index.php?rest_route=\/wp\/v2\/pages\/3","targetHints":{"allow":["GET"]}}],"collection":[{"href":"https:\/\/autohaus-haeseli.at\/index.php?rest_route=\/wp\/v2\/pages"}],"about":[{"href":"https:\/\/autohaus-haeseli.at\/index.php?rest_route=\/wp\/v2\/types\/page"}],"author":[{"embeddable":true,"href":"https:\/\/autohaus-haeseli.at\/index.php?rest_route=\/wp\/v2\/users\/1"}],"replies":[{"embeddable":true,"href":"https:\/\/autohaus-haeseli.at\/index.php?rest_route=%2Fwp%2Fv2%2Fcomments&post=3"}],"version-history":[{"count":1,"href":"https:\/\/autohaus-haeseli.at\/index.php?rest_route=\/wp\/v2\/pages\/3\/revisions"}],"predecessor-version":[{"id":61,"href":"https:\/\/autohaus-haeseli.at\/index.php?rest_route=\/wp\/v2\/pages\/3\/revisions\/61"}],"wp:attachment":[{"href":"https:\/\/autohaus-haeseli.at\/index.php?rest_route=%2Fwp%2Fv2%2Fmedia&parent=3"}],"curies":[{"name":"wp","href":"https:\/\/api.w.org\/{rel}","templated":true}]}}