{"id":62,"date":"2026-03-20T18:52:01","date_gmt":"2026-03-20T16:52:01","guid":{"rendered":"https:\/\/autohaus-haeseli.at\/?page_id=62"},"modified":"2026-03-20T19:02:11","modified_gmt":"2026-03-20T17:02:11","slug":"impressum","status":"publish","type":"page","link":"https:\/\/autohaus-haeseli.at\/?page_id=62","title":{"rendered":"Impressum"},"content":{"rendered":"\n<p><strong>Autohaus H\u00e4seli GmbH<\/strong><br>KFZ-Technik<\/p>\n\n\n\n<p>Am Damm 2<br>6830 Rankweil<br>\u00d6sterreich<\/p>\n\n\n\n<p>Telefon: +43 (0) 5522 46006<br>E-Mail: <a>office@autohaus-haeseli.at<\/a><\/p>\n\n\n\n<hr class=\"wp-block-separator has-alpha-channel-opacity\"\/>\n\n\n\n<p><strong>Unternehmensdaten<\/strong><br>Firmenbuchnummer:  FN 280987 t<br>Firmenbuchgericht: Feldkirch, Vorarlberg, \u00d6sterreich<br>UID-Nummer: ATU 62785800<\/p>\n\n\n\n<hr class=\"wp-block-separator has-alpha-channel-opacity\"\/>\n\n\n\n<p><strong>Gesch\u00e4ftsf\u00fchrung<\/strong><br>Manfred H\u00e4seli jun.<br>J\u00fcrgen H\u00e4seli <\/p>\n\n\n\n<hr class=\"wp-block-separator has-alpha-channel-opacity\"\/>\n\n\n\n<p><strong>Unternehmensgegenstand<\/strong><br>KFZ-Reparatur, Service, Verkauf und \u00a757a \u00dcberpr\u00fcfungen<\/p>\n\n\n\n<hr class=\"wp-block-separator has-alpha-channel-opacity\"\/>\n\n\n\n<p><strong>Aufsichtsbeh\u00f6rde \/ Gewerbebeh\u00f6rde<\/strong><br>Bezirkshauptmannschaft Feldkirch<\/p>\n\n\n\n<hr class=\"wp-block-separator has-alpha-channel-opacity\"\/>\n\n\n\n<p><strong>Mitgliedschaften<\/strong><br>Wirtschaftskammer \u00d6sterreich (WKO), Fachgruppe KFZ<\/p>\n\n\n\n<hr class=\"wp-block-separator has-alpha-channel-opacity\"\/>\n\n\n\n<p><strong>Berufsrechtliche Vorschriften<\/strong><br>Gewerbeordnung: <a>www.ris.bka.gv.at<\/a><\/p>\n\n\n\n<hr class=\"wp-block-separator has-alpha-channel-opacity\"\/>\n\n\n\n<p><strong>Haftungsausschluss<\/strong><br>Die Inhalte unserer Website wurden mit gr\u00f6\u00dfter Sorgfalt erstellt. F\u00fcr die Richtigkeit, Vollst\u00e4ndigkeit und Aktualit\u00e4t der Inhalte \u00fcbernehmen wir keine Haftung.<\/p>\n","protected":false},"excerpt":{"rendered":"<p>Autohaus H\u00e4seli GmbHKFZ-Technik Am Damm 26830 Rankweil\u00d6sterreich Telefon: +43 (0) 5522 46006E-Mail: office@autohaus-haeseli.at UnternehmensdatenFirmenbuchnummer: FN 280987 tFirmenbuchgericht: Feldkirch, Vorarlberg, \u00d6sterreichUID-Nummer: ATU 62785800 Gesch\u00e4ftsf\u00fchrungManfred H\u00e4seli jun.J\u00fcrgen H\u00e4seli UnternehmensgegenstandKFZ-Reparatur, Service, Verkauf und \u00a757a \u00dcberpr\u00fcfungen Aufsichtsbeh\u00f6rde \/ Gewerbebeh\u00f6rdeBezirkshauptmannschaft Feldkirch MitgliedschaftenWirtschaftskammer \u00d6sterreich (WKO), Fachgruppe KFZ Berufsrechtliche VorschriftenGewerbeordnung: www.ris.bka.gv.at HaftungsausschlussDie Inhalte unserer Website wurden mit gr\u00f6\u00dfter Sorgfalt erstellt. F\u00fcr die &hellip; <\/p>\n<p class=\"link-more\"><a href=\"https:\/\/autohaus-haeseli.at\/?page_id=62\" class=\"more-link\"><span class=\"screen-reader-text\">\u201eImpressum\u201c <\/span>weiterlesen<\/a><\/p>\n","protected":false},"author":1,"featured_media":0,"parent":0,"menu_order":0,"comment_status":"closed","ping_status":"closed","template":"","meta":{"footnotes":""},"class_list":["post-62","page","type-page","status-publish","hentry"],"yoast_head":"<!-- This site is optimized with the Yoast SEO plugin v27.5 - https:\/\/yoast.com\/product\/yoast-seo-wordpress\/ -->\n<title>Impressum - Autohaus H\u00e4seli GmbH<\/title>\n<meta name=\"robots\" content=\"index, follow, max-snippet:-1, max-image-preview:large, max-video-preview:-1\" \/>\n<link rel=\"canonical\" href=\"https:\/\/autohaus-haeseli.at\/?page_id=62\" \/>\n<meta property=\"og:locale\" content=\"de_DE\" \/>\n<meta property=\"og:type\" content=\"article\" \/>\n<meta property=\"og:title\" content=\"Impressum - Autohaus H\u00e4seli GmbH\" \/>\n<meta property=\"og:description\" content=\"Autohaus H\u00e4seli GmbHKFZ-Technik Am Damm 26830 Rankweil\u00d6sterreich Telefon: +43 (0) 5522 46006E-Mail: office@autohaus-haeseli.at UnternehmensdatenFirmenbuchnummer: FN 280987 tFirmenbuchgericht: Feldkirch, Vorarlberg, \u00d6sterreichUID-Nummer: ATU 62785800 Gesch\u00e4ftsf\u00fchrungManfred H\u00e4seli jun.J\u00fcrgen H\u00e4seli UnternehmensgegenstandKFZ-Reparatur, Service, Verkauf und \u00a757a \u00dcberpr\u00fcfungen Aufsichtsbeh\u00f6rde \/ Gewerbebeh\u00f6rdeBezirkshauptmannschaft Feldkirch MitgliedschaftenWirtschaftskammer \u00d6sterreich (WKO), Fachgruppe KFZ Berufsrechtliche VorschriftenGewerbeordnung: www.ris.bka.gv.at HaftungsausschlussDie Inhalte unserer Website wurden mit gr\u00f6\u00dfter Sorgfalt erstellt. F\u00fcr die &hellip; \u201eImpressum\u201c weiterlesen\" \/>\n<meta property=\"og:url\" content=\"https:\/\/autohaus-haeseli.at\/?page_id=62\" \/>\n<meta property=\"og:site_name\" content=\"Autohaus H\u00e4seli GmbH\" \/>\n<meta property=\"article:modified_time\" content=\"2026-03-20T17:02:11+00:00\" \/>\n<meta name=\"twitter:card\" content=\"summary_large_image\" \/>\n<meta name=\"twitter:label1\" content=\"Gesch\u00e4tzte Lesezeit\" \/>\n\t<meta name=\"twitter:data1\" content=\"1\u00a0Minute\" \/>\n<script type=\"application\/ld+json\" class=\"yoast-schema-graph\">{\"@context\":\"https:\\\/\\\/schema.org\",\"@graph\":[{\"@type\":\"WebPage\",\"@id\":\"https:\\\/\\\/autohaus-haeseli.at\\\/?page_id=62\",\"url\":\"https:\\\/\\\/autohaus-haeseli.at\\\/?page_id=62\",\"name\":\"Impressum - Autohaus H\u00e4seli GmbH\",\"isPartOf\":{\"@id\":\"https:\\\/\\\/autohaus-haeseli.at\\\/#website\"},\"datePublished\":\"2026-03-20T16:52:01+00:00\",\"dateModified\":\"2026-03-20T17:02:11+00:00\",\"breadcrumb\":{\"@id\":\"https:\\\/\\\/autohaus-haeseli.at\\\/?page_id=62#breadcrumb\"},\"inLanguage\":\"de\",\"potentialAction\":[{\"@type\":\"ReadAction\",\"target\":[\"https:\\\/\\\/autohaus-haeseli.at\\\/?page_id=62\"]}]},{\"@type\":\"BreadcrumbList\",\"@id\":\"https:\\\/\\\/autohaus-haeseli.at\\\/?page_id=62#breadcrumb\",\"itemListElement\":[{\"@type\":\"ListItem\",\"position\":1,\"name\":\"Startseite\",\"item\":\"https:\\\/\\\/autohaus-haeseli.at\\\/\"},{\"@type\":\"ListItem\",\"position\":2,\"name\":\"Impressum\"}]},{\"@type\":\"WebSite\",\"@id\":\"https:\\\/\\\/autohaus-haeseli.at\\\/#website\",\"url\":\"https:\\\/\\\/autohaus-haeseli.at\\\/\",\"name\":\"Autohaus H\u00e4seli GmbH\",\"description\":\"\",\"potentialAction\":[{\"@type\":\"SearchAction\",\"target\":{\"@type\":\"EntryPoint\",\"urlTemplate\":\"https:\\\/\\\/autohaus-haeseli.at\\\/?s={search_term_string}\"},\"query-input\":{\"@type\":\"PropertyValueSpecification\",\"valueRequired\":true,\"valueName\":\"search_term_string\"}}],\"inLanguage\":\"de\"}]}<\/script>\n<!-- \/ Yoast SEO plugin. -->","yoast_head_json":{"title":"Impressum - Autohaus H\u00e4seli GmbH","robots":{"index":"index","follow":"follow","max-snippet":"max-snippet:-1","max-image-preview":"max-image-preview:large","max-video-preview":"max-video-preview:-1"},"canonical":"https:\/\/autohaus-haeseli.at\/?page_id=62","og_locale":"de_DE","og_type":"article","og_title":"Impressum - Autohaus H\u00e4seli GmbH","og_description":"Autohaus H\u00e4seli GmbHKFZ-Technik Am Damm 26830 Rankweil\u00d6sterreich Telefon: +43 (0) 5522 46006E-Mail: office@autohaus-haeseli.at UnternehmensdatenFirmenbuchnummer: FN 280987 tFirmenbuchgericht: Feldkirch, Vorarlberg, \u00d6sterreichUID-Nummer: ATU 62785800 Gesch\u00e4ftsf\u00fchrungManfred H\u00e4seli jun.J\u00fcrgen H\u00e4seli UnternehmensgegenstandKFZ-Reparatur, Service, Verkauf und \u00a757a \u00dcberpr\u00fcfungen Aufsichtsbeh\u00f6rde \/ Gewerbebeh\u00f6rdeBezirkshauptmannschaft Feldkirch MitgliedschaftenWirtschaftskammer \u00d6sterreich (WKO), Fachgruppe KFZ Berufsrechtliche VorschriftenGewerbeordnung: www.ris.bka.gv.at HaftungsausschlussDie Inhalte unserer Website wurden mit gr\u00f6\u00dfter Sorgfalt erstellt. F\u00fcr die &hellip; \u201eImpressum\u201c weiterlesen","og_url":"https:\/\/autohaus-haeseli.at\/?page_id=62","og_site_name":"Autohaus H\u00e4seli GmbH","article_modified_time":"2026-03-20T17:02:11+00:00","twitter_card":"summary_large_image","twitter_misc":{"Gesch\u00e4tzte Lesezeit":"1\u00a0Minute"},"schema":{"@context":"https:\/\/schema.org","@graph":[{"@type":"WebPage","@id":"https:\/\/autohaus-haeseli.at\/?page_id=62","url":"https:\/\/autohaus-haeseli.at\/?page_id=62","name":"Impressum - Autohaus H\u00e4seli GmbH","isPartOf":{"@id":"https:\/\/autohaus-haeseli.at\/#website"},"datePublished":"2026-03-20T16:52:01+00:00","dateModified":"2026-03-20T17:02:11+00:00","breadcrumb":{"@id":"https:\/\/autohaus-haeseli.at\/?page_id=62#breadcrumb"},"inLanguage":"de","potentialAction":[{"@type":"ReadAction","target":["https:\/\/autohaus-haeseli.at\/?page_id=62"]}]},{"@type":"BreadcrumbList","@id":"https:\/\/autohaus-haeseli.at\/?page_id=62#breadcrumb","itemListElement":[{"@type":"ListItem","position":1,"name":"Startseite","item":"https:\/\/autohaus-haeseli.at\/"},{"@type":"ListItem","position":2,"name":"Impressum"}]},{"@type":"WebSite","@id":"https:\/\/autohaus-haeseli.at\/#website","url":"https:\/\/autohaus-haeseli.at\/","name":"Autohaus H\u00e4seli GmbH","description":"","potentialAction":[{"@type":"SearchAction","target":{"@type":"EntryPoint","urlTemplate":"https:\/\/autohaus-haeseli.at\/?s={search_term_string}"},"query-input":{"@type":"PropertyValueSpecification","valueRequired":true,"valueName":"search_term_string"}}],"inLanguage":"de"}]}},"_links":{"self":[{"href":"https:\/\/autohaus-haeseli.at\/index.php?rest_route=\/wp\/v2\/pages\/62","targetHints":{"allow":["GET"]}}],"collection":[{"href":"https:\/\/autohaus-haeseli.at\/index.php?rest_route=\/wp\/v2\/pages"}],"about":[{"href":"https:\/\/autohaus-haeseli.at\/index.php?rest_route=\/wp\/v2\/types\/page"}],"author":[{"embeddable":true,"href":"https:\/\/autohaus-haeseli.at\/index.php?rest_route=\/wp\/v2\/users\/1"}],"replies":[{"embeddable":true,"href":"https:\/\/autohaus-haeseli.at\/index.php?rest_route=%2Fwp%2Fv2%2Fcomments&post=62"}],"version-history":[{"count":2,"href":"https:\/\/autohaus-haeseli.at\/index.php?rest_route=\/wp\/v2\/pages\/62\/revisions"}],"predecessor-version":[{"id":64,"href":"https:\/\/autohaus-haeseli.at\/index.php?rest_route=\/wp\/v2\/pages\/62\/revisions\/64"}],"wp:attachment":[{"href":"https:\/\/autohaus-haeseli.at\/index.php?rest_route=%2Fwp%2Fv2%2Fmedia&parent=62"}],"curies":[{"name":"wp","href":"https:\/\/api.w.org\/{rel}","templated":true}]}}